{"id":28,"date":"2024-01-22T10:40:08","date_gmt":"2024-01-22T09:40:08","guid":{"rendered":"http:\/\/bsfv.de\/wordpress\/?page_id=28"},"modified":"2024-12-23T16:56:37","modified_gmt":"2024-12-23T15:56:37","slug":"ueber-uns","status":"publish","type":"page","link":"http:\/\/bsfv.de\/wordpress\/ueber-uns\/","title":{"rendered":"\u00dcber uns"},"content":{"rendered":"<p><strong>Der Badische Sportfischerverband e. V.<\/strong><\/p>\n<p style=\"text-align: justify;\"><img decoding=\"async\" loading=\"lazy\" class=\"alignleft size-full wp-image-3\" src=\"http:\/\/bsfv.de\/wordpress\/wp-content\/uploads\/2015\/09\/wappen1.png\" alt=\"wappen1\" width=\"156\" height=\"178\" \/>Der BSFV ist Mitglied\u00a0im Deutschen Angelfischer-Verband e.V. und hat ca. 60 Mitgliedsvereine mit insgesamt ca. 3000 Mitgliedern (Stand Januar 2019) aus dem gesamten Baden-W\u00fcrttembergischen Raum. Das Pachtgew\u00e4sser des Verbands ist der Vogelstangsee in Mannheim. F\u00fcr dieses Gew\u00e4sser sind Angel-Erlaubnisscheine\u00a0in der BSFV Gesch\u00e4ftsstelle erh\u00e4ltlich.<\/p>\n<p style=\"text-align: justify;\">Im Odenwald bei M\u00f6rlenbach &#8211; V\u00f6ckelsbach besitzt unser Verband ein Forellengew\u00e4sser, bestehend aus drei kleinen Teichen (ca. 20m x 10m bzw. 16m x 10m), die von unseren Mitgliedern befischt werden k\u00f6nnen. Die Teiche sind mit einem hoch qualitativen Forellenbesatz best\u00fcckt, jeder Teich mit unterschiedlichen L\u00e4ngen und Gewicht. Die Anmeldung erfolgt direkt \u00fcber unseren Teichwirt, Herrn Christian Giebel, unter der Telefonnummer\u00a0\u00a0+49 160 946 510 27. Weitere Informationen erhalten Sie auch \u00fcber die E-Mail-Adresse\u00a0<a href=\"mailto:christian120181@googlemail.com\">christian120181@googlemail.com<\/a>. Angeltage nach Vereinbarung! Die Teiche k\u00f6nnen auch \u00fcber die BSFV Gesch\u00e4ftsstelle gebucht werden.<\/p>\n<p>Der BSFV ist P\u00e4chter des M\u00fchlauhafens und des\u00a0Verbindungskanals.<\/p>\n<p>P\u00e4chter der Gew\u00e4sserstrecken Rhein- und Neckar ist seit dem 01.01.2019 die Pachtgemeinschaft Kurpfalz e.V.<\/p>\n<p style=\"text-align: justify;\"><strong>Kartenausgabestellen:<\/strong><\/p>\n<ul>\n<li>M\u00fchlauhafen: FZV 1898 Mannheim e.V.<\/li>\n<li>Verbindungskanal: VPV Mannheim e.V.<\/li>\n<li>Rhein und Neckar: Pachtgemeinschaft Kurpfalz.de\u00a0\u00a0\u00a0\u00a0 <a href=\"http:\/\/pg-kurpfalz.de\" target=\"_blank\" rel=\"noopener\">http:\/\/pg-kurpfalz.de<\/a><\/li>\n<\/ul>\n<hr \/>\n<h2 class=\"title\">Das Pr\u00e4sidium des BSFV, gew\u00e4hlt f\u00fcr 3 Jahre<\/h2>\n<p><img decoding=\"async\" loading=\"lazy\" class=\"alignleft size-thumbnail wp-image-827\" src=\"http:\/\/bsfv.de\/wordpress\/wp-content\/uploads\/2018\/01\/wahl-150x150.png\" alt=\"\" width=\"150\" height=\"150\" srcset=\"http:\/\/bsfv.de\/wordpress\/wp-content\/uploads\/2018\/01\/wahl-150x150.png 150w, http:\/\/bsfv.de\/wordpress\/wp-content\/uploads\/2018\/01\/wahl.png 256w\" sizes=\"(max-width: 150px) 100vw, 150px\" \/>Der BSFV e.V. selbst wird durch ein Pr\u00e4sidium gef\u00fchrt. Gew\u00e4hlter Pr\u00e4sident seit dem 20. April 2013 ist Herr J\u00fcrgen Hauck. Das Pr\u00e4sidium wird immer f\u00fcr 3 Jahre gew\u00e4hlt. Der BSFV ist in mehrere Referate aufgeteilt. Die einzelnen Referate selbst arbeiten eng mit den Beh\u00f6rden, anderen Verb\u00e4nden und Institutionen zusammen.<\/p>\n<p><strong>Der BSFV e.V. hat die gew\u00e4hlten Referate:<\/strong><\/p>\n<div>\n<ul style=\"margin-left: 150px;\">\n<li>Umwelt und Naturschutz<\/li>\n<li>Fischen<\/li>\n<li>Jugend<\/li>\n<li>Sportfischerpr\u00fcfung\/Ausbildung<\/li>\n<li>Gew\u00e4sserschutz<\/li>\n<li>Casting<\/li>\n<li>Fischereiaufsicht<\/li>\n<\/ul>\n<\/div>\n<div class=\"tablelist\">\n<h3>Pr\u00e4sidium des BSFV<\/h3>\n<table border=\"1\">\n<colgroup>\n<col width=\"40%\" \/>\n<col width=\"60%\" \/> <\/colgroup>\n<tbody>\n<tr>\n<th><b>Funktion<\/b><\/th>\n<th><b>Verantwortlicher<\/b><\/th>\n<\/tr>\n<tr>\n<td>Pr\u00e4sident<\/td>\n<td>J\u00fcrgen Hauck<\/td>\n<\/tr>\n<tr>\n<td>Vizepr\u00e4sident<\/td>\n<td>Benjamin Seitz<\/td>\n<\/tr>\n<tr>\n<td>Schatzmeister<\/td>\n<td>Reiner Winkler<\/td>\n<\/tr>\n<tr>\n<td>Schriftf\u00fchrer<\/td>\n<td>Harry Friedel<\/td>\n<\/tr>\n<tr>\n<td>Referent Umwelt-, Tier- und Naturschutz<\/td>\n<td>Claus Neuer<\/td>\n<\/tr>\n<tr>\n<td>Referent Fischen<\/td>\n<td>Andreas Blumenstock<\/td>\n<\/tr>\n<tr>\n<td>Referent Jugend<\/td>\n<td>Manuela Thome<\/td>\n<\/tr>\n<tr>\n<td>Referentin Sportfischerpr\u00fcfung\/Ausbildung<\/td>\n<td>Tanja Sch\u00f6ne<\/td>\n<\/tr>\n<tr>\n<td>Referent Gew\u00e4sserschutz<\/td>\n<td>zur Zeit nicht besetzt<\/td>\n<\/tr>\n<tr>\n<td>Referent f\u00fcr Casting<\/td>\n<td>Klaus Boppel<\/td>\n<\/tr>\n<tr>\n<td>Referent Fischereiaufsicht<\/td>\n<td>zur Zeit nicht besetzt<\/td>\n<\/tr>\n<tr>\n<td><\/td>\n<td><\/td>\n<\/tr>\n<\/tbody>\n<\/table>\n<\/div>\n<p><a href=\"http:\/\/bsfv.de\/wordpress\/wp-content\/uploads\/2024\/01\/AmtstraegerPraesidium-1.pdf\" target=\"_blank\" rel=\"noopener\"><img decoding=\"async\" loading=\"lazy\" class=\"alignleft wp-image-372\" src=\"http:\/\/bsfv.de\/wordpress\/wp-content\/uploads\/2016\/05\/pdf.gif\" alt=\"\" width=\"16\" height=\"16\" \/><\/a><a href=\"http:\/\/bsfv.de\/wordpress\/wp-content\/uploads\/2024\/12\/AmtstraegerPraesidium-1.pdf\" target=\"_blank\" rel=\"noopener\">Amtstr\u00e4ger Pr\u00e4sidium<\/a><\/p>\n<hr \/>\n<h2 class=\"title\">Die Chronik des BSFV<\/h2>\n<p><img decoding=\"async\" loading=\"lazy\" class=\"alignleft size-thumbnail wp-image-828\" src=\"http:\/\/bsfv.de\/wordpress\/wp-content\/uploads\/2018\/01\/chronik-150x138.jpg\" alt=\"\" width=\"150\" height=\"138\" \/>Die wechselvolle Geschichte unserer Fischereiorganisation in den Nachkriegswirren aus der Gr\u00fcnderzeit bis zum Ende des zweiten Weltkrieges spiegelt sich u. a. auch in den aus heutiger Sicht nicht immer nachvollziehbaren verschiedenen Namensgebungen unseres Landesverbandes wieder. Das \u00e4lteste noch vorhandene Schriftst\u00fcck in gedruckter Form stammt von einer Generalversammlung in B7-19 Mannheim, vom 3. Februar 1946 und ist die Neufassung einer Satzung, die 1948 zum Eintrag kam. Aus diesem Satzungsdruck ist auch der Gr\u00fcndungstag und der VR\u2013Eintrag im Jahr 1925 zu entnehmen.<\/p>\n<div class=\"tablelist3\">\n<h3>Tabellarische Kurzdarstellung:<\/h3>\n<table border=\"1\">\n<colgroup>\n<col width=\"10%\" \/>\n<col width=\"42%\" \/>\n<col width=\"48%\" \/> <\/colgroup>\n<tbody>\n<tr>\n<th>Datum<\/th>\n<th>Namensgebung<\/th>\n<th>Weitere Info<\/th>\n<\/tr>\n<tr>\n<td>20. Nov. 1920<\/td>\n<td>Mannheimer Bund<\/td>\n<td>Gr\u00fcndungstag gem. vorliegender Satzung vom 03. Febr. 1946<\/td>\n<\/tr>\n<tr>\n<td>09. Feb. 1925<\/td>\n<td>Bund der Fischereivereine Mannheim und Umgebung e.V.<\/td>\n<td>Vereinsregistereintrag \u2013 Mannheim unter Band XOZ 38<\/td>\n<\/tr>\n<tr>\n<td>01. M\u00e4r. 1948<\/td>\n<td>Bund der Sportfischervereine Nordbaden-Nordw\u00fcrttemberg e.V. \u2013 Mannheim<\/td>\n<td><\/td>\n<\/tr>\n<tr>\n<td>07. Jul. 1960<\/td>\n<td>Landesverband Nordbaden-Nordw\u00fcrttemberg e.V. im Verband Deutscher Sportfischer e.V. Hamburg, Gemeinn\u00fctziger Verein \u2013 Mannheim<\/td>\n<td>Vereinsregistereintrag Mannheim, Az: VR XXI \/ 16<\/td>\n<\/tr>\n<tr>\n<td>23. M\u00e4r. 1969<\/td>\n<td>Badischer Sportfischer-Verband e.V. im Verband Deutscher Sportfischer e.V.<\/td>\n<td>Vereinsregistereintrag \u2013 Mannheim, Gz: VR 88<\/td>\n<\/tr>\n<\/tbody>\n<\/table>\n<\/div>\n<p>Alle Verbandsaufzeichnungen, vom Gr\u00fcndungstag am 20.11.1920 bis zum Ende des zweiten Weltkrieges, sind in dem massiven Bombenhagel auf Mannheim vernichtet worden, leider ist kein einziges Zeitdokument erhalten geblieben. Aber auch danach und bis zum Anfang der sechziger Jahre gibt es nur wenige Aufzeichnungen. Es ist auch nicht bekannt, ob bis zum heutigen Tage jemals der Versuch gemacht wurde, \u00fcber unsere mehr als 80-j\u00e4hrige Fischereiorganisation, eine Chronik bzw. Jubil\u00e4umsschrift zu erstellen. Es blieb mir als Autor dieser Zeilen vorbehalten, anl\u00e4sslich der Jubil\u00e4umsfestschrift &#8222;25-Jahre LFV-Baden-W\u00fcrttemberg e.V.&#8220;, den Verlauf der BSFV-Historie zumindest in Eckpfeilern aufzuzeigen und die gegenw\u00e4rtige Verbandsphilosophie niederzuschreiben. Lediglich aus den noch erhaltenen Original-Versammlungsprotokollen des Angelsportverein-Sandhofen e.V. (ASV), der sich damals &#8222;Angelfischereiverein Mannheim-Sandhofen e. V.&#8220; nannte und noch vor dem obigen Gr\u00fcndungstag seinen Beitritt beschloss, ist w\u00f6rtlich nachzulesen:<\/p>\n<p><strong>ASV-Protokoll vom 30.10.1920:<\/strong><br \/>\n&#8230;Ausserdem teilte der Vorstand mit, dass er, um den \u00fcbergriffen der Fischereip\u00e4chter (Grossfischer Ziegler) zu steuern und uns in Abteilung VI zum Recht zu verhelfen, vorbehaltlich der Zustimmung der Versammlung, den Beitritt des Vereins zum &#8222;Mannheimer Bund aller Fischervereine&#8220; erkl\u00e4rt hat. Der Beitritt wird von der Versammlung genehmigt&#8230;<\/p>\n<p>Der Vorstand berichtet noch kurz \u00fcber die Versammlung in Mannheim und hebt besonders den Zweck des Bundes hervor, mit vereinten Kr\u00e4ften den Vergewaltigungen der Fischereip\u00e4chter entgegenzutreten und bei etwaigen Forderungen sich gegenseitig tatkr\u00e4ftig zu unterst\u00fctzen.<\/p>\n<p><strong>ASV-Protokoll vom 17.12.1920:<\/strong><br \/>\n&#8230;Am 15.12.1920 fand die 1. Bundesversammlung des Mannheimer-Fischerei-Bundes im &#8222;Alten Fritz&#8220; in U6-28 um Abends 7 Uhr statt. Es erfolgte hierbei die Vorstandswahl des Bundes und zwar wie folgt:<\/p>\n<ul>\n<li>1. Vorsitzender Herr Hennrich, Angelfischer-Verein Merkur, Mannheim<\/li>\n<li>2. Vorsitzender Herr Regierungsrat Dr. Bernauer, P\u00e4chter des Verbindungskanal, Mannheim<\/li>\n<\/ul>\n<p>Schriftf\u00fchrer ist, Herr Hauptlehrer Stolz vom Angelfischerverein Mannheim-Sandhofen. F\u00fcr allgemeine Bundesunkosten hat jeder Verein dem Bund 20,00 Mark zu entrichten&#8230;<\/p>\n<p><strong>ASV-Protokoll vom 09.04.1921:<\/strong><br \/>\n&#8230;Bericht \u00fcber die stattgefundene Bundes-Sitzung. In den Bund neu aufgenommen wurden einstimmig:<\/p>\n<ul>\n<li>Angelsport-Verein Rheinau, mit 48 Mitgliedern<\/li>\n<li>Angelgesellschaft Heidelberg und Umgebung, mit 208 Mitgliedern<\/li>\n<li>Die acht Vereine, zusammengeschlossen im Mannheimer-Fischerei-Bund, haben die stattliche Mitgliederzahl 1.000 erreicht<\/li>\n<\/ul>\n<p><strong>ASV-Protokoll vom 14.07.1921:<\/strong><br \/>\n&#8230;Bericht \u00fcber die erweiterte Bundes-Vorstandsitzung vom 11.7.21 im &#8222;Alten Fritz&#8220;,&#8230; &#8230;wurde eingehend Bericht erstattet \u00fcber die in Mannheim stattgefundene Versammlung s\u00e4mtlicher dem Bund angeschlossenen Vereine, wurden die Antr\u00e4ge einstimmig festgelegt und angenommen. Es sind dies:<\/p>\n<ul>\n<li>Beseitigung der Ankerkuilen (Aalschokker)<\/li>\n<li>Anlegung von Laich- und Zuchtpl\u00e4tzen<\/li>\n<li>Entfernung der verheerenden Abw\u00e4sser (Kl\u00e4ranlagenbau)<\/li>\n<li>Zusammenlegung des Mannheimer Fischereigebietes<\/li>\n<li>Herabsetzung der Angelkartenpreise<\/li>\n<\/ul>\n<p>Zur Aufstellung des Referates und als Referent wurde einstimmig Kollege Stolz gew\u00e4hlt. Sehr erw\u00fcnscht w\u00e4re es, wenn m\u00f6glichst alle Mitglieder die kommende interessante Versammlung besuchen w\u00fcrden, um auch mal ein Bild zu bekommen, was f\u00fcr eine grosse Aufgabe sich der Bund vorgenommen hat.<\/p>\n<p><strong>Was bedeutet das f\u00fcr uns Heute?<\/strong><br \/>\nSomit ist dokumentiert, dass bereits damals die Angler im Grossraum Mannheim \u00e4hnliche Probleme mit den regionalen Fischgew\u00e4ssern hatten wie heute. Ob Gew\u00e4sserverschmutzung, Fischereifrevel, oder der schwierige Angelkartenerwerb vom Fischereirechtsinhaber als Berufsfischer, um nur einiges zu nennen, die Nachkriegs- und Inflationswirren forderten eine starke Vereinigung der regionalen Angelvereine. Der Grund f\u00fcr die Ausf\u00fchrlichkeit in den ASV-Protokollen d\u00fcrfte in der Tatsache zu finden sein, dass der ASV-Gr\u00fcnder und langj\u00e4hrige Vorsitzende, Hauptlehrer Wilhelm Stolz, noch im Jahre 1920 zum Schriftf\u00fchrer des &#8222;Mannheimer Bund&#8220; gew\u00e4hlt wurde.<\/p>\n<p>Auch aus dem Verbandszweck der 1946er Satzung gehen \u00e4hnliche Verbandsziele hervor, wobei aber auch schon die Belehrung in &#8222;Sportangelegenheiten&#8220;, hier ist die Aufkl\u00e4rung und Schulung \u00fcber das waidgerechte Hobby-Angeln gemeint, verankert wurde. Eine weitere Satzungs-Grundforderung aus damaliger Zeit (und auch das ist heute noch aktuell!), ist die &#8222;Erschliessung m\u00f6glichst vieler Gew\u00e4sser f\u00fcr die Sportfischerei&#8220;.<\/p>\n<p>Heute sind dem BSFV 72 Mitgliedsvereine mit insgesamt ca. 3000 Mitgliedern angeschlossen. Unser Verband bewirtschaftet nach der gesetzlichen Hegeverpflichtung (FischG von BW) drei angepachtete Gew\u00e4sser im Grossraum Mannheim und ein eigenes Gew\u00e4sser in <a class=\"permalink\" href=\"http:\/\/bsfv.de\/vbach.html\">V\u00f6ckelsbach<\/a> (siehe oben). Weitere Fischereirechte besitzt unser Verband in parit\u00e4tischer Pachtgemeinschaft mit dem VfG e.V. f\u00fcr die regionalen Rhein- und Neckarstrecken, sowie ein Jugend-Ausbildungsgew\u00e4sser das h\u00e4lftig Eigentum des BSFV und VfG ist. Die Verwaltung und Bewirtschaftung von Rhein, Neckar und dem Jugendgew\u00e4sser erfolgt \u00fcber eine eigens hierf\u00fcr gegr\u00fcndete Organisation \u2013 der Rhein-Neckar-Pachtgemeinschaft e.V.<\/p>\n<p>Die ausf\u00fchrliche Wiedergabe unserer gegenw\u00e4rtigen Verbandsphilosophie, die absolut mit unseren Verbandszweck-Definitionen aus der Satzung identisch ist, w\u00e4re f\u00fcr die vorliegende BSFV-Darstellung zu umfangreich. Die gew\u00e4hlten Vertreter von Fischereiverb\u00e4nden waren noch nie mit so vielseitigem und in die Tiefe gehenden Fachwissen gefordert wie in der heutigen Zeit. Im urspr\u00fcnglichen Vereins-Ehrenamt sind die vielschichtigen Aufgabengebiete immer weniger abzuarbeiten \u2013 oft bleibt nur der kostenpflichtige Weg zum jeweiligen Spezialisten. Daher muss f\u00fcr uns, neben den wichtigen und unvermeidbaren Verwaltungsakten, immer noch das <strong>Angeln<\/strong> an unseren Gew\u00e4ssern im Vordergrund stehen!<\/p>\n<p>Um dieses vorrangige Ziel f\u00fcr die Gegenwart und Zukunft zu erhalten, versuchen wir durch Unterweisungen und durch unser Vorbild, die Jugendlichen an die Zusammenh\u00e4nge in der Natur heranzuf\u00fchren. In Vorbereitungslehrg\u00e4ngen zur Staatlichen Fischerpr\u00fcfung werden besonders Jugendliche, aber auch alle Erwachsenen, aus dem gesamten Rhein-Neckar-Raum, in den sehr verzweigten Fachgebieten f\u00fcr den bei dieser Pr\u00fcfung geforderten Sachkundenachweis unterrichtet. Um die Lebensgewohnheiten und Verhaltensweise der Fische zu verstehen, ist es erforderlich, die allgemeinen Zusammenh\u00e4nge aus der Gew\u00e4sser\u00f6kologie zu kennen. Das heisst also, die Wechselbeziehung und das Zusammenwirken zwischen Lebewesen und Umwelt an und in einem Gew\u00e4sser. Hierzu veranstalten wir f\u00fcr unsere Multiplikatoren &#8211; den Vereinsgew\u00e4sserwarten, die entsprechenden Grund- und Fortbildungslehrg\u00e4nge. Das Element Wasser ist eines unserer wichtigsten G\u00fcter, denn ohne Wasser ist kein Leben auf unserem Planeten Erde m\u00f6glich. Bereits Leonardo da Vinci verglich die Fl\u00fcsse und B\u00e4che mit dem Blut in den Adern des menschlichen K\u00f6rpers.<\/p>\n<p>Das Fischereigesetz regelt das Eigentumsrecht in Verbindung mit dem Aneignungsrecht und dem Gemeingebrauch des Wasserrechts f\u00fcr fliessende und stehende Gew\u00e4sser. Eines der wichtigsten Bestandteile ist die bereits erw\u00e4hnte &#8222;Hegeverpflichtung&#8220; zum Erhalt der Gew\u00e4sser als solche und im speziellen der Fischfauna, einschl. aller tangierenden \u00f6ko-Parameter. Hierzu geh\u00f6ren auch, aber nicht ausschliesslich, k\u00fcnstliche st\u00fctzende Fischbesatzmassnahmen zur Erhaltung einer der Region und dem Gew\u00e4sser angepassten Fischarten- und Alterszusammensetzung, also eines aus dem Naturschutz abgeleiteten nachhaltigen Artenschutzes. Nach einer staatlichen Studie in 1997 sind von den ca. 60 ehemals in Baden W\u00fcrttemberg heimischen Fischarten bereits 8 Arten ausgestorben, 11 Arten vom Aussterben bedroht und 18 Arten in ihrem Bestand stark gef\u00e4hrdet! Hierf\u00fcr gibt es nat\u00fcrlich die unterschiedlichsten Gr\u00fcnde. Eine zentrale Ursache ist aber fast immer die Lebensraum-Verschlechterung (Habitat) oder gar Lebensraum-Zerst\u00f6rung. Angefangen bei vielartigen \u00f6kologisch unvertretbaren Wasserbaumassnahmen, \u00fcber Schadstoffeinleitungen, bis hin zur vordergr\u00fcndigen Tierliebe beim F\u00fcttern von Schw\u00e4nen, Enten und G\u00e4nsen an unseren Gew\u00e4ssern. Durch \u00fcbersch\u00fcssiges Futter, vor allem aber durch unverh\u00e4ltnism\u00e4ssig grosse Mengen an Tierkot durch \u00fcberpopulationen erfolgt durch einen \u00fcbernat\u00fcrlichen D\u00fcngeeffekt die Ausl\u00f6sung einer Kettenreaktion bis hin zur Eutrophierung, mit nachfolgender Sauerstoffzehrung bei den biologischen Abbauprozessen, zur zeitweisen Sauerstofffreiheit des Gew\u00e4ssers, bis hin zum letztendlichen Gew\u00e4ssersterben, d.h. die sauerstoffabh\u00e4ngige aquatische Fauna, zu der alle unsere Fische und der \u00fcberwiegende Teil der Fischn\u00e4hrtiere geh\u00f6ren, verendet&#8230;<\/p>\n<p>Eine wesentliche aquatische Lebensraumverbesserung f\u00fcr unsere Flossentr\u00e4ger erwarten wir durch die mittelfristige Umsetzung der Zielvorgaben aus der EU-Wasserrahmen-Richtlinie. Zur Verarmung der Artenvielfalt durch Selektionsbefischung und Eliminierung einzelner Segmente der Altersstrukturen, also entgegen des Naturschutzgedankens, kam es teilweise in den letzten Jahren durch ein st\u00e4ndig anwachsendes Aufkommen des Beutegreifers &#8222;Kormoran&#8220;, der sich auschlisslich von unseren Fischen ern\u00e4hrt. Nach jahrzehntelangem Schutzstatus hat sich die Zahl der Kormorane in Mittel- und Nordeuropa so stark erh\u00f6ht, dass sie regional, wenn auch nicht gerade zur Landplage, so doch zu einer neuen Gefahr f\u00fcr das nat\u00fcrliche Gleichgewicht geworden sind. Die Stimmen mehren sich, die Bejagung von Kormoranen da, wo sie geh\u00e4uft auftreten, partiell und ohne grossen Verwaltungsakt freizugeben. Das w\u00e4re zweifellos eine vern\u00fcnftige L\u00f6sung, sofern auch gef\u00e4hrdete Gew\u00e4sser in angrenzenden Naturschutzgebieten eingeschlossen w\u00e4ren. Der Gesetzgeber scheut sich jedoch m\u00f6gliche Regelungen zu schaffen, die zu einer sinnvollen Regulierung von \u00fcberbest\u00e4nden f\u00fchren k\u00f6nnten. Es z\u00e4hlt zu den R\u00e4tseln des deutschen Charakters, und damit besonders auch der deutschen B\u00fcrokratie, dass das Beharren auf extremen Positionen das Einschwenken auf eine m\u00f6gliche und der Sache dienenden Kompromisslinie verhindert wird. Dabei w\u00fcrde sich eine L\u00f6sung leicht anbieten, mit dem Ergebnis einer ganzheitlich gezielten Bestandsregulierung, die dann endet, wenn \u00fcberh\u00f6hte Best\u00e4nde wieder normale, vertretbare Dimensionen erreicht haben. Das heisst, keine Eingriffe bis an die Gef\u00e4hrdungsgrenze, sondern verantwortungsvolle Regulierung des \u00fcberbestandes in Abh\u00e4ngigkeit zum Nahrungsangebot. Dies l\u00e4ge im Interesse des Naturhaushaltes \u2013 also der Erhaltung bestimmter frassdruckgef\u00e4hrdeter Fischarten. Die Zeit muss kommen, dass der Natur und ihrem ausgewogenen Gleichgewicht wieder Vorrang einger\u00e4umt wird vor Ideologien und ornithologischen Gruppeninteressen, die in blinder Einseitigkeit eine Tierart \u00fcberzogen sch\u00fctzen und damit zugleich die akute Bedrohung anderer Tierarten heraufbeschw\u00f6ren. Es ist an der Zeit, dass die zust\u00e4ndigen Institutionen des Staates neue Massst\u00e4be f\u00fcr den Naturschutz festlegen, die nicht in ideologischen Sackgassen enden, sondern einem an der Realit\u00e4t orientierten flexiblen Mittelweg zwischen totalem Schutz und regulierenden Eingriffsm\u00f6glichkeiten Geltung verschaffen.<\/p>\n<p>Mit dieser Kurzfassung der BSFV-Chronik versuche ich, der heutigen Generation und Nachwelt, die wenigen noch vorhandenen historischen Eckdaten die &#8222;Geburt&#8220; und den &#8222;Lebenslauf&#8220; sowie die Zielrichtung unserer Fischereiorganisation zu dokumentieren, soweit sie ihm in Archiven, alten Dokumenten und Vereinsakten zug\u00e4nglich waren. Der vorliegende Text \u00fcber die Geschichte des BSFV erhebt keinen Anspruch auf Vollst\u00e4ndigkeit. Wenn Sie zur Komplettierung der BSFV-Historie beitragen m\u00f6chten, dann geben Sie uns Bescheid! Wir werden Ihre Vorschl\u00e4ge und Erg\u00e4nzungen an unsere Nachfolger als Fortschreibung dieser Chronik und zur Gedankenanregung weitergeben.<\/p>\n<p>Werner Kremer<\/p>\n","protected":false},"excerpt":{"rendered":"<p>Der Badische Sportfischerverband e. V. Der BSFV ist Mitglied\u00a0im Deutschen Angelfischer-Verband e.V. und hat ca. 60 Mitgliedsvereine mit insgesamt ca. 3000 Mitgliedern (Stand Januar 2019) aus dem gesamten Baden-W\u00fcrttembergischen Raum. Das Pachtgew\u00e4sser des Verbands ist der Vogelstangsee in Mannheim. F\u00fcr dieses Gew\u00e4sser sind Angel-Erlaubnisscheine\u00a0in der BSFV Gesch\u00e4ftsstelle erh\u00e4ltlich. Im Odenwald bei M\u00f6rlenbach &#8211; V\u00f6ckelsbach besitzt [&hellip;]<\/p>\n","protected":false},"author":1,"featured_media":0,"parent":0,"menu_order":1,"comment_status":"closed","ping_status":"closed","template":"","meta":[],"_links":{"self":[{"href":"http:\/\/bsfv.de\/wordpress\/wp-json\/wp\/v2\/pages\/28"}],"collection":[{"href":"http:\/\/bsfv.de\/wordpress\/wp-json\/wp\/v2\/pages"}],"about":[{"href":"http:\/\/bsfv.de\/wordpress\/wp-json\/wp\/v2\/types\/page"}],"author":[{"embeddable":true,"href":"http:\/\/bsfv.de\/wordpress\/wp-json\/wp\/v2\/users\/1"}],"replies":[{"embeddable":true,"href":"http:\/\/bsfv.de\/wordpress\/wp-json\/wp\/v2\/comments?post=28"}],"version-history":[{"count":42,"href":"http:\/\/bsfv.de\/wordpress\/wp-json\/wp\/v2\/pages\/28\/revisions"}],"predecessor-version":[{"id":1686,"href":"http:\/\/bsfv.de\/wordpress\/wp-json\/wp\/v2\/pages\/28\/revisions\/1686"}],"wp:attachment":[{"href":"http:\/\/bsfv.de\/wordpress\/wp-json\/wp\/v2\/media?parent=28"}],"curies":[{"name":"wp","href":"https:\/\/api.w.org\/{rel}","templated":true}]}}